{"id":8,"date":"2021-11-24T23:05:21","date_gmt":"2021-11-24T22:05:21","guid":{"rendered":"https:\/\/discite.io\/?page_id=8"},"modified":"2024-09-10T19:41:53","modified_gmt":"2024-09-10T17:41:53","slug":"inicio","status":"publish","type":"page","link":"https:\/\/discite.io\/","title":{"rendered":"Inicio"},"content":{"rendered":"\n<div class=\"wp-block-columns are-vertically-aligned-center is-layout-flex wp-container-core-columns-is-layout-28f84493 wp-block-columns-is-layout-flex\">\n<div class=\"wp-block-column is-vertically-aligned-center is-layout-flow wp-block-column-is-layout-flow\">\n<div class=\"wp-block-group is-vertical is-layout-flex wp-container-core-group-is-layout-fe9cc265 wp-block-group-is-layout-flex\">\n<div class=\"wp-block-group is-vertical is-content-justification-stretch is-layout-flex wp-container-core-group-is-layout-401b7a8a wp-block-group-is-layout-flex\">\n<p class=\"has-text-align-left\"><strong>Discite<\/strong> es una empresa experta en desarrollo de soluciones tecnol\u00f3gicas y contenidos innovadores para el sector educativo. Guiamos y apoyamos a las instituciones educativas en este proceso de ense\u00f1anza-aprendizaje.<\/p>\n\n\n\n<p class=\"has-text-align-left\">Nuestro compromiso es brindar soluciones de calidad a nuestros clientes, ayud\u00e1ndolos a alcanzar sus objetivos aportando nuestra experiencia, creatividad y pasi\u00f3n por la tecnolog\u00eda aplicada al mundo real.<\/p>\n<\/div>\n<\/div>\n<\/div>\n\n\n\n<div class=\"wp-block-column is-vertically-aligned-center is-layout-flow wp-block-column-is-layout-flow\">\n<figure class=\"wp-block-image size-full\"><img loading=\"lazy\" decoding=\"async\" width=\"912\" height=\"539\" src=\"http:\/\/discite.io\/wp-content\/uploads\/2024\/09\/cover.jpg\" alt=\"\" class=\"wp-image-193\" srcset=\"https:\/\/discite.io\/wp-content\/uploads\/2024\/09\/cover.jpg 912w, https:\/\/discite.io\/wp-content\/uploads\/2024\/09\/cover-300x177.jpg 300w, https:\/\/discite.io\/wp-content\/uploads\/2024\/09\/cover-600x355.jpg 600w\" sizes=\"auto, (max-width: 912px) 100vw, 912px\" \/><\/figure>\n<\/div>\n<\/div>\n\n\n\n<div class=\"wp-block-columns are-vertically-aligned-center is-layout-flex wp-container-core-columns-is-layout-28f84493 wp-block-columns-is-layout-flex\">\n<div class=\"wp-block-column is-vertically-aligned-center is-layout-flow wp-block-column-is-layout-flow\">\n<figure class=\"wp-block-image size-full\"><img loading=\"lazy\" decoding=\"async\" width=\"1280\" height=\"720\" src=\"http:\/\/discite.io\/wp-content\/uploads\/2024\/09\/r1.jpg\" alt=\"\" class=\"wp-image-474\" srcset=\"https:\/\/discite.io\/wp-content\/uploads\/2024\/09\/r1.jpg 1280w, https:\/\/discite.io\/wp-content\/uploads\/2024\/09\/r1-300x169.jpg 300w, https:\/\/discite.io\/wp-content\/uploads\/2024\/09\/r1-1024x576.jpg 1024w\" sizes=\"auto, (max-width: 1280px) 100vw, 1280px\" \/><\/figure>\n<\/div>\n\n\n\n<div class=\"wp-block-column is-vertically-aligned-center is-layout-flow wp-block-column-is-layout-flow\">\n<p>Nos enfocamos en establecer relaciones a largo plazo con nuestros clientes, basadas en la confianza, la transparencia y el respeto.<\/p>\n\n\n\n<p>Acompa\u00f1amos a nuestros clientes en la implantaci\u00f3n, desarrollo y puesta en marcha de nuestras soluciones, v\u00e1lidas tanto para e-learning, formaci\u00f3n presencial, y otros sectores en los que se desee potenciar la experiencia interactiva y visual.<\/p>\n<\/div>\n<\/div>\n\n\n\n<p><\/p>\n","protected":false},"excerpt":{"rendered":"<p>Discite es una empresa experta en desarrollo de soluciones tecnol\u00f3gicas y contenidos innovadores para el sector educativo. Guiamos y apoyamos a las instituciones educativas en este proceso de ense\u00f1anza-aprendizaje. Nuestro compromiso es brindar soluciones de calidad a nuestros clientes, ayud\u00e1ndolos a alcanzar sus objetivos aportando nuestra experiencia, creatividad y pasi\u00f3n por la tecnolog\u00eda aplicada al &hellip; <\/p>\n<p class=\"link-more\"><a href=\"https:\/\/discite.io\/\" class=\"more-link\">Leer m\u00e1s<span class=\"screen-reader-text\"> \u00abInicio\u00bb<\/span><\/a><\/p>\n","protected":false},"author":1,"featured_media":0,"parent":0,"menu_order":0,"comment_status":"closed","ping_status":"closed","template":"","meta":{"footnotes":""},"class_list":["post-8","page","type-page","status-publish","hentry"],"jetpack_sharing_enabled":true,"featured_media_urls":[],"_links":{"self":[{"href":"https:\/\/discite.io\/index.php?rest_route=\/wp\/v2\/pages\/8","targetHints":{"allow":["GET"]}}],"collection":[{"href":"https:\/\/discite.io\/index.php?rest_route=\/wp\/v2\/pages"}],"about":[{"href":"https:\/\/discite.io\/index.php?rest_route=\/wp\/v2\/types\/page"}],"author":[{"embeddable":true,"href":"https:\/\/discite.io\/index.php?rest_route=\/wp\/v2\/users\/1"}],"replies":[{"embeddable":true,"href":"https:\/\/discite.io\/index.php?rest_route=%2Fwp%2Fv2%2Fcomments&post=8"}],"version-history":[{"count":26,"href":"https:\/\/discite.io\/index.php?rest_route=\/wp\/v2\/pages\/8\/revisions"}],"predecessor-version":[{"id":568,"href":"https:\/\/discite.io\/index.php?rest_route=\/wp\/v2\/pages\/8\/revisions\/568"}],"wp:attachment":[{"href":"https:\/\/discite.io\/index.php?rest_route=%2Fwp%2Fv2%2Fmedia&parent=8"}],"curies":[{"name":"wp","href":"https:\/\/api.w.org\/{rel}","templated":true}]}}