{"id":49,"date":"2024-09-03T18:28:26","date_gmt":"2024-09-03T16:28:26","guid":{"rendered":"https:\/\/discite.io\/?page_id=49"},"modified":"2025-09-07T11:57:31","modified_gmt":"2025-09-07T09:57:31","slug":"nuestro-portfolio","status":"publish","type":"page","link":"https:\/\/discite.io\/?page_id=49","title":{"rendered":"Nuestro portfolio"},"content":{"rendered":"\n<div class=\"wp-block-cover alignfull is-light has-parallax\" style=\"min-height:100vh;aspect-ratio:unset;\"><div class=\"wp-block-cover__image-background wp-image-480 has-parallax\" style=\"background-position:50% 50%;background-image:url(http:\/\/discite.io\/wp-content\/uploads\/2024\/09\/np2.jpg)\"><\/div><span aria-hidden=\"true\" class=\"wp-block-cover__background has-background-dim\" style=\"background-color:#ada8aa\"><\/span><div class=\"wp-block-cover__inner-container is-layout-flow wp-block-cover-is-layout-flow\">\n<p class=\"has-text-align-center has-white-color has-text-color\" style=\"font-size:clamp(37.821px, 2.364rem + ((1vw - 3.2px) * 2.848), 70px);font-style:normal;font-weight:900\"><strong>Nuestro portfolio<\/strong><\/p>\n<\/div><\/div>\n\n\n\n<div class=\"wp-block-group alignfull has-background has-global-padding is-layout-constrained wp-block-group-is-layout-constrained\" style=\"background-color:#e5e9ec;padding-top:var(--wp--preset--spacing--small);padding-bottom:var(--wp--preset--spacing--small)\">\n<p>Nuestro sistema de generaci\u00f3n de contenidos es similar a cualquier sistema de construcci\u00f3n por bloques, que permiten al unirse componer estructuras m\u00e1s complejas e interconectadas.<\/p>\n\n\n\n<div class=\"wp-block-columns are-vertically-aligned-center is-layout-flex wp-container-core-columns-is-layout-7db7aa3e wp-block-columns-is-layout-flex\" style=\"padding-right:0;padding-left:0\">\n<div class=\"wp-block-column is-vertically-aligned-center is-layout-flow wp-block-column-is-layout-flow\">\n<h2 class=\"wp-block-heading has-medium-font-size\" style=\"text-transform:uppercase\">DPFBlox<\/h2>\n\n\n\n<p>DPFBlox es nuestro contenedor modular que permite centralizar y organizar contenidos HTML, estructurando y enriqueciendo visualmente su presentaci\u00f3n.<\/p>\n\n\n\n<p>Sigue las pautas de construcci\u00f3n por bloques, de ah\u00ed su nombre Blox, pudiendo ser una p\u00edldora de informaci\u00f3n o un curso\/contenido completo.<\/p>\n\n\n\n<div class=\"wp-block-buttons is-horizontal is-content-justification-left is-layout-flex wp-container-core-buttons-is-layout-20be11b6 wp-block-buttons-is-layout-flex\">\n<div class=\"wp-block-button is-style-outline is-style-outline--1\"><a class=\"wp-block-button__link wp-element-button\" href=\"https:\/\/discite.io\/?page_id=119\">Leer m\u00e1s<\/a><\/div>\n<\/div>\n\n\n\n<p><\/p>\n<\/div>\n\n\n\n<div class=\"wp-block-column is-vertically-aligned-center is-layout-flow wp-block-column-is-layout-flow\">\n<figure class=\"wp-block-image size-large is-resized\"><img loading=\"lazy\" decoding=\"async\" width=\"1024\" height=\"576\" src=\"https:\/\/discite.io\/wp-content\/uploads\/2024\/09\/blox1-1024x576.jpg\" alt=\"\" class=\"wp-image-547\" style=\"width:552px;height:auto\" srcset=\"https:\/\/discite.io\/wp-content\/uploads\/2024\/09\/blox1-1024x576.jpg 1024w, https:\/\/discite.io\/wp-content\/uploads\/2024\/09\/blox1-300x169.jpg 300w, https:\/\/discite.io\/wp-content\/uploads\/2024\/09\/blox1.jpg 1919w\" sizes=\"auto, (max-width: 1024px) 100vw, 1024px\" \/><\/figure>\n<\/div>\n<\/div>\n\n\n\n<div class=\"wp-block-group alignwide has-background has-global-padding is-layout-constrained wp-block-group-is-layout-constrained\" style=\"background-color:#e5e9ec;padding-top:var(--wp--preset--spacing--small);padding-bottom:var(--wp--preset--spacing--small)\">\n<div class=\"wp-block-columns is-layout-flex wp-container-core-columns-is-layout-7db7aa3e wp-block-columns-is-layout-flex\" style=\"padding-right:0;padding-left:0\">\n<div class=\"wp-block-column is-layout-flow wp-block-column-is-layout-flow\"><\/div>\n<\/div>\n\n\n\n<div class=\"wp-block-columns is-layout-flex wp-container-core-columns-is-layout-7db7aa3e wp-block-columns-is-layout-flex\" style=\"padding-right:0;padding-left:0\">\n<div class=\"wp-block-column is-vertically-aligned-center is-layout-flow wp-block-column-is-layout-flow\">\n<h2 class=\"wp-block-heading has-medium-font-size\" style=\"text-transform:uppercase\">VIDEO INTERACTIVO<\/h2>\n\n\n\n<p>No somos Kaltura, Wirewax o EKO, pero desde hace a\u00f1os vimos que el uso del v\u00eddeo en la educaci\u00f3n deb\u00eda ir un paso m\u00e1s all\u00e1.<\/p>\n\n\n\n<p>Creamos nuestro v\u00eddeo interactivo con muchas funcionalidades m\u00e1s all\u00e1 de las que se pueden encontrar en productos similares del mercado.<\/p>\n\n\n\n<div class=\"wp-block-buttons is-horizontal is-content-justification-left is-layout-flex wp-container-core-buttons-is-layout-20be11b6 wp-block-buttons-is-layout-flex\">\n<div class=\"wp-block-button is-style-outline is-style-outline--2\"><a class=\"wp-block-button__link wp-element-button\" href=\"https:\/\/discite.io\/?page_id=122\">Leer m\u00e1s<\/a><\/div>\n<\/div>\n\n\n\n<p><\/p>\n<\/div>\n\n\n\n<div class=\"wp-block-column is-layout-flow wp-block-column-is-layout-flow\">\n<figure class=\"wp-block-image size-large is-resized\"><img loading=\"lazy\" decoding=\"async\" width=\"1024\" height=\"502\" src=\"https:\/\/discite.io\/wp-content\/uploads\/2024\/09\/image_2024_09_08T18_01_59_490Z-1-1024x502.png\" alt=\"\" class=\"wp-image-418\" style=\"width:550px;height:auto\" srcset=\"https:\/\/discite.io\/wp-content\/uploads\/2024\/09\/image_2024_09_08T18_01_59_490Z-1-1024x502.png 1024w, https:\/\/discite.io\/wp-content\/uploads\/2024\/09\/image_2024_09_08T18_01_59_490Z-1-300x147.png 300w, https:\/\/discite.io\/wp-content\/uploads\/2024\/09\/image_2024_09_08T18_01_59_490Z-1.png 1917w\" sizes=\"auto, (max-width: 1024px) 100vw, 1024px\" \/><\/figure>\n<\/div>\n<\/div>\n\n\n\n<div class=\"wp-block-group alignfull has-background has-global-padding is-layout-constrained wp-block-group-is-layout-constrained\" style=\"background-color:#e5e9ec;padding-top:var(--wp--preset--spacing--small);padding-bottom:var(--wp--preset--spacing--small)\">\n<div class=\"wp-block-columns is-layout-flex wp-container-core-columns-is-layout-7db7aa3e wp-block-columns-is-layout-flex\" style=\"padding-right:0;padding-left:0\">\n<div class=\"wp-block-column is-vertically-aligned-center is-layout-flow wp-block-column-is-layout-flow\">\n<h2 class=\"wp-block-heading has-medium-font-size\" style=\"text-transform:uppercase\">slider\/hotspot<\/h2>\n\n\n\n<p>Nuestra idea para enriquecer un contenido no s\u00f3lo incluye v\u00eddeos o ciertos objetos digitales como los comentados.<\/p>\n\n\n\n<p>Quer\u00edamos crear recursos que aportasen algo m\u00e1s en la narrativa de una materia o contenido y creamos este componente, que tiene diversos tipos y m\u00faltiples usos.<\/p>\n\n\n\n<p><\/p>\n\n\n\n<div class=\"wp-block-buttons is-horizontal is-content-justification-left is-layout-flex wp-container-core-buttons-is-layout-20be11b6 wp-block-buttons-is-layout-flex\">\n<div class=\"wp-block-button is-style-outline is-style-outline--3\"><a class=\"wp-block-button__link wp-element-button\" href=\"https:\/\/discite.io\/?page_id=123\">Leer m\u00e1s<\/a><\/div>\n<\/div>\n\n\n\n<p><\/p>\n<\/div>\n\n\n\n<div class=\"wp-block-column is-layout-flow wp-block-column-is-layout-flow\">\n<figure class=\"wp-block-image size-large is-resized\"><img loading=\"lazy\" decoding=\"async\" width=\"1024\" height=\"576\" src=\"https:\/\/discite.io\/wp-content\/uploads\/2024\/09\/slider-1-1024x576.jpg\" alt=\"\" class=\"wp-image-553\" style=\"width:569px;height:auto\" srcset=\"https:\/\/discite.io\/wp-content\/uploads\/2024\/09\/slider-1-1024x576.jpg 1024w, https:\/\/discite.io\/wp-content\/uploads\/2024\/09\/slider-1-300x169.jpg 300w, https:\/\/discite.io\/wp-content\/uploads\/2024\/09\/slider-1.jpg 1917w\" sizes=\"auto, (max-width: 1024px) 100vw, 1024px\" \/><\/figure>\n<\/div>\n<\/div>\n<\/div>\n<\/div>\n<\/div>\n","protected":false},"excerpt":{"rendered":"<p>Nuestro sistema de generaci\u00f3n de contenidos es similar a cualquier sistema de construcci\u00f3n por bloques, que permiten al unirse componer estructuras m\u00e1s complejas e interconectadas. DPFBlox DPFBlox es nuestro contenedor modular que permite centralizar y organizar contenidos HTML, estructurando y enriqueciendo visualmente su presentaci\u00f3n. Sigue las pautas de construcci\u00f3n por bloques, de ah\u00ed su nombre &hellip; <\/p>\n<p class=\"link-more\"><a href=\"https:\/\/discite.io\/?page_id=49\" class=\"more-link\">Leer m\u00e1s<span class=\"screen-reader-text\"> \u00abNuestro portfolio\u00bb<\/span><\/a><\/p>\n","protected":false},"author":1,"featured_media":0,"parent":0,"menu_order":0,"comment_status":"closed","ping_status":"closed","template":"","meta":{"footnotes":""},"class_list":["post-49","page","type-page","status-publish","hentry"],"jetpack_sharing_enabled":true,"featured_media_urls":[],"_links":{"self":[{"href":"https:\/\/discite.io\/index.php?rest_route=\/wp\/v2\/pages\/49","targetHints":{"allow":["GET"]}}],"collection":[{"href":"https:\/\/discite.io\/index.php?rest_route=\/wp\/v2\/pages"}],"about":[{"href":"https:\/\/discite.io\/index.php?rest_route=\/wp\/v2\/types\/page"}],"author":[{"embeddable":true,"href":"https:\/\/discite.io\/index.php?rest_route=\/wp\/v2\/users\/1"}],"replies":[{"embeddable":true,"href":"https:\/\/discite.io\/index.php?rest_route=%2Fwp%2Fv2%2Fcomments&post=49"}],"version-history":[{"count":40,"href":"https:\/\/discite.io\/index.php?rest_route=\/wp\/v2\/pages\/49\/revisions"}],"predecessor-version":[{"id":903,"href":"https:\/\/discite.io\/index.php?rest_route=\/wp\/v2\/pages\/49\/revisions\/903"}],"wp:attachment":[{"href":"https:\/\/discite.io\/index.php?rest_route=%2Fwp%2Fv2%2Fmedia&parent=49"}],"curies":[{"name":"wp","href":"https:\/\/api.w.org\/{rel}","templated":true}]}}