{"id":234,"date":"2024-09-05T19:07:31","date_gmt":"2024-09-05T17:07:31","guid":{"rendered":"https:\/\/discite.io\/?page_id=234"},"modified":"2025-06-08T22:49:08","modified_gmt":"2025-06-08T20:49:08","slug":"quienes-somos-def","status":"publish","type":"page","link":"https:\/\/discite.io\/?page_id=234","title":{"rendered":"Quienes somos"},"content":{"rendered":"\n<div class=\"wp-block-group alignfull is-layout-flow wp-container-core-group-is-layout-c4d5c1b7 wp-block-group-is-layout-flow\" id=\"cover\" style=\"margin-top:0px;margin-bottom:0px\">\n<div class=\"wp-block-columns is-layout-flex wp-container-core-columns-is-layout-28f84493 wp-block-columns-is-layout-flex\">\n<div class=\"wp-block-column is-layout-flow wp-block-column-is-layout-flow\" style=\"flex-basis:100%\">\n<div class=\"wp-block-group alignfull has-global-padding is-layout-constrained wp-block-group-is-layout-constrained\">\n<div class=\"wp-block-cover alignfull\" style=\"min-height:100vh;aspect-ratio:unset;\"><img loading=\"lazy\" decoding=\"async\" width=\"1050\" height=\"700\" class=\"wp-block-cover__image-background wp-image-311\" alt=\"\" src=\"http:\/\/discite.io\/wp-content\/uploads\/2024\/09\/p.jpg\" data-object-fit=\"cover\" srcset=\"https:\/\/discite.io\/wp-content\/uploads\/2024\/09\/p.jpg 1050w, https:\/\/discite.io\/wp-content\/uploads\/2024\/09\/p-300x200.jpg 300w, https:\/\/discite.io\/wp-content\/uploads\/2024\/09\/p-1024x683.jpg 1024w\" sizes=\"auto, (max-width: 1050px) 100vw, 1050px\" \/><span aria-hidden=\"true\" class=\"wp-block-cover__background has-black-background-color has-background-dim\"><\/span><div class=\"wp-block-cover__inner-container has-global-padding is-layout-constrained wp-block-cover-is-layout-constrained\">\n<div class=\"wp-block-group has-global-padding is-layout-constrained wp-container-core-group-is-layout-4383d167 wp-block-group-is-layout-constrained\">\n<h2 class=\"wp-block-heading has-white-color has-text-color has-large-font-size\">Sobre nosotros<\/h2>\n\n\n\n<p>Las herramientas y materiales did\u00e1cticos digitales facilitan el aprendizaje, al hacerlo m\u00e1s interactivo, atractivo y accesible desde cualquier lugar y en cualquier momento.<\/p>\n\n\n\n<p>En Discite desarrollamos y llevamos a la practica ideas innovadoras creando herramientas y materiales did\u00e1cticos digitales efectivos, atractivos y f\u00e1ciles de usar.<\/p>\n\n\n\n<p>Nuestros productos y servicios har\u00e1n que tu organizaci\u00f3n se diferencie del resto. Nos centramos en el cliente y en crear contenidos digitales \u00fanicos, que atraigan a la audiencia y que se puedan agrupar en forma sencilla, formando parte de otros contenidos de nivel superior.<\/p>\n\n\n\n<p>No tenemos la mente cerrada, siempre estamos abiertos a nuevas ideas y a la innovaci\u00f3n continua en todos nuestros \u00e1mbitos de actividad. <\/p>\n<\/div>\n<\/div><\/div>\n<\/div>\n<\/div>\n<\/div>\n<\/div>\n\n\n\n<p><\/p>\n","protected":false},"excerpt":{"rendered":"","protected":false},"author":1,"featured_media":0,"parent":0,"menu_order":0,"comment_status":"closed","ping_status":"closed","template":"","meta":{"inspiro_hide_title":false,"footnotes":""},"class_list":["post-234","page","type-page","status-publish","hentry"],"jetpack_sharing_enabled":true,"featured_media_urls":[],"_links":{"self":[{"href":"https:\/\/discite.io\/index.php?rest_route=\/wp\/v2\/pages\/234","targetHints":{"allow":["GET"]}}],"collection":[{"href":"https:\/\/discite.io\/index.php?rest_route=\/wp\/v2\/pages"}],"about":[{"href":"https:\/\/discite.io\/index.php?rest_route=\/wp\/v2\/types\/page"}],"author":[{"embeddable":true,"href":"https:\/\/discite.io\/index.php?rest_route=\/wp\/v2\/users\/1"}],"replies":[{"embeddable":true,"href":"https:\/\/discite.io\/index.php?rest_route=%2Fwp%2Fv2%2Fcomments&post=234"}],"version-history":[{"count":14,"href":"https:\/\/discite.io\/index.php?rest_route=\/wp\/v2\/pages\/234\/revisions"}],"predecessor-version":[{"id":829,"href":"https:\/\/discite.io\/index.php?rest_route=\/wp\/v2\/pages\/234\/revisions\/829"}],"wp:attachment":[{"href":"https:\/\/discite.io\/index.php?rest_route=%2Fwp%2Fv2%2Fmedia&parent=234"}],"curies":[{"name":"wp","href":"https:\/\/api.w.org\/{rel}","templated":true}]}}