{"id":123,"date":"2024-09-05T11:57:35","date_gmt":"2024-09-05T09:57:35","guid":{"rendered":"https:\/\/discite.io\/?page_id=123"},"modified":"2025-09-07T11:54:40","modified_gmt":"2025-09-07T09:54:40","slug":"slider","status":"publish","type":"page","link":"https:\/\/discite.io\/?page_id=123","title":{"rendered":"Slider"},"content":{"rendered":"\n<div class=\"wp-block-cover alignfull has-parallax\"><div class=\"wp-block-cover__image-background wp-image-423 has-parallax\" style=\"background-position:50% 50%;background-image:url(http:\/\/discite.io\/wp-content\/uploads\/2024\/09\/6.jpg)\"><\/div><span aria-hidden=\"true\" class=\"wp-block-cover__background has-background-dim\" style=\"background-color:#6d7b7f\"><\/span><div class=\"wp-block-cover__inner-container is-layout-flow wp-block-cover-is-layout-flow\">\n<p class=\"has-text-align-center has-white-color has-text-color\" style=\"font-size:clamp(37.821px, 2.364rem + ((1vw - 3.2px) * 2.848), 70px);font-style:normal;font-weight:900\"><strong>Slider<\/strong>\/Hotspot<\/p>\n<\/div><\/div>\n\n\n\n<div style=\"height:100px\" aria-hidden=\"true\" class=\"wp-block-spacer\"><\/div>\n\n\n\n<p>Bienvenido al futuro de las experiencias digitales interactivas con nuestro objeto digital Slider\/Hotspot de vanguardia.<\/p>\n\n\n\n<p>Esta poderosa herramienta no solo sirve como un punto focal visual en su sitio web o aplicaci\u00f3n, sino que tambi\u00e9n brinda una gran cantidad de funciones dise\u00f1adas para atraer y cautivar a su audiencia.<\/p>\n\n\n\n<h2 class=\"wp-block-heading\">Objetivos<\/h2>\n\n\n\n<p>Equipado con funciones como controles deslizantes de im\u00e1genes, contenido din\u00e1mico y elementos personalizables, nuestro Slider\/Hotspot transforma cualquier espacio est\u00e1tico en un viaje inmersivo e interactivo. Ya sea mostrando galer\u00edas de productos, proporcionando informaci\u00f3n sobre herramientas o navegando a trav\u00e9s de contenido multimedia, este punto de acceso vers\u00e1til garantiza una interacci\u00f3n fluida del usuario y mejora la experiencia digital general.<\/p>\n\n\n\n<p>Descubra c\u00f3mo nuestro Slider\/Hotspot multifuncional puede mejorar su presencia digital, ofreciendo estilo y sustancia en cada clic.<\/p>\n\n\n\n<h2 class=\"wp-block-heading\">Caracter\u00edsticas principales<\/h2>\n\n\n\n<p>Dise\u00f1ado para comparar situaciones, hacer l\u00edneas de tiempo de forma diferente, explicar soluciones a problemas, detallar experimentos, o cualquier explicaci\u00f3n gr\u00e1fica, simplemente desplazando el cursor de forma horizontal, o haciendo swipe, seg\u00fan el dispositivo.<\/p>\n\n\n\n<p>Actualmente hay cinco tipos de Slider\/Hotspot que se pueden usar adecu\u00e1ndose al dise\u00f1o instruccional:<\/p>\n\n\n\n<ul class=\"wp-block-list\">\n<li>Tipo slider. Sucesi\u00f3n de im\u00e1genes que explican determinado tema.<\/li>\n\n\n\n<li>Tipo zoom. Una imagen se escala y se posiciona de acuerdo a una explicaci\u00f3n.<\/li>\n\n\n\n<li>Tipo hotspot normal.<\/li>\n\n\n\n<li>Tipo hotspot oculto.<\/li>\n\n\n\n<li>Tipo historia. Tiene a su vez cinco variedades. Usado para narrar historias en una pantalla partida, en la que seg\u00fan se avanza en la lectura del texto cambia el componente multimedia para reforzar gr\u00e1ficamente la explicaci\u00f3n. <\/li>\n<\/ul>\n\n\n\n<h2 class=\"wp-block-heading\">Algunos ejemplos<\/h2>\n\n\n\n<p><strong>Tipo Historia con v\u00eddeos de Youtube<\/strong><\/p>\n\n\n\n<iframe loading=\"lazy\" width=\"100%\" height=\"560px\" src=\"https:\/\/discite.io\/_webobjects\/ihweb\/index.html\" title=\"DPFSlider\" frameborder=\"0\" allow=\"accelerometer; autoplay; clipboard-write; encrypted-media; gyroscope; picture-in-picture\" allowfullscreen><\/iframe>\n\n\n\n<p><strong><strong>Tipo Historia con im\u00e1genes<\/strong><\/strong><\/p>\n\n\n\n<iframe loading=\"lazy\" width=\"100%\" height=\"560px\" src=\"https:\/\/discite.io\/_webobjects\/ihtweb\/index.html?d=true\" title=\"DPFSlider\" frameborder=\"0\" allow=\"accelerometer; autoplay; clipboard-write; encrypted-media; gyroscope; picture-in-picture\" allowfullscreen><\/iframe>\n\n\n\n<p><strong>Tipo Slider con deslizador oculto<\/strong><\/p>\n\n\n\n<iframe loading=\"lazy\" width=\"100%\" height=\"560px\" src=\"https:\/\/discite.io\/dpfblox\/assets\/objects\/s2\/index.html?d=true\" title=\"DPF Slider\" frameborder=\"0\" allow=\"accelerometer; autoplay; clipboard-write; encrypted-media; gyroscope; picture-in-picture\" allowfullscreen><\/iframe>\n\n\n\n<p><strong>Tipo Hotspot normal<\/strong><\/p>\n\n\n\n<iframe loading=\"lazy\" width=\"100%\" height=\"560px\" src=\"https:\/\/discite.io\/_webobjects\/trex\/index.html\" title=\"DPF Hotspot\" frameborder=\"0\" allow=\"accelerometer; autoplay; clipboard-write; encrypted-media; gyroscope; picture-in-picture\" allowfullscreen><\/iframe>\n\n\n\n<div style=\"height:100px\" aria-hidden=\"true\" class=\"wp-block-spacer\"><\/div>\n","protected":false},"excerpt":{"rendered":"<p>Bienvenido al futuro de las experiencias digitales interactivas con nuestro objeto digital Slider\/Hotspot de vanguardia. Esta poderosa herramienta no solo sirve como un punto focal visual en su sitio web o aplicaci\u00f3n, sino que tambi\u00e9n brinda una gran cantidad de funciones dise\u00f1adas para atraer y cautivar a su audiencia. Objetivos Equipado con funciones como controles &hellip; <\/p>\n<p class=\"link-more\"><a href=\"https:\/\/discite.io\/?page_id=123\" class=\"more-link\">Leer m\u00e1s<span class=\"screen-reader-text\"> \u00abSlider\u00bb<\/span><\/a><\/p>\n","protected":false},"author":1,"featured_media":0,"parent":0,"menu_order":0,"comment_status":"closed","ping_status":"closed","template":"","meta":{"footnotes":""},"class_list":["post-123","page","type-page","status-publish","hentry"],"jetpack_sharing_enabled":true,"featured_media_urls":[],"_links":{"self":[{"href":"https:\/\/discite.io\/index.php?rest_route=\/wp\/v2\/pages\/123","targetHints":{"allow":["GET"]}}],"collection":[{"href":"https:\/\/discite.io\/index.php?rest_route=\/wp\/v2\/pages"}],"about":[{"href":"https:\/\/discite.io\/index.php?rest_route=\/wp\/v2\/types\/page"}],"author":[{"embeddable":true,"href":"https:\/\/discite.io\/index.php?rest_route=\/wp\/v2\/users\/1"}],"replies":[{"embeddable":true,"href":"https:\/\/discite.io\/index.php?rest_route=%2Fwp%2Fv2%2Fcomments&post=123"}],"version-history":[{"count":25,"href":"https:\/\/discite.io\/index.php?rest_route=\/wp\/v2\/pages\/123\/revisions"}],"predecessor-version":[{"id":902,"href":"https:\/\/discite.io\/index.php?rest_route=\/wp\/v2\/pages\/123\/revisions\/902"}],"wp:attachment":[{"href":"https:\/\/discite.io\/index.php?rest_route=%2Fwp%2Fv2%2Fmedia&parent=123"}],"curies":[{"name":"wp","href":"https:\/\/api.w.org\/{rel}","templated":true}]}}