{"id":121,"date":"2024-09-05T11:57:35","date_gmt":"2024-09-05T09:57:35","guid":{"rendered":"https:\/\/discite.io\/?page_id=121"},"modified":"2025-02-03T23:38:08","modified_gmt":"2025-02-03T22:38:08","slug":"gestor-de-objetos-digitales","status":"publish","type":"page","link":"https:\/\/discite.io\/?page_id=121","title":{"rendered":"Otros objetos digitales"},"content":{"rendered":"\n<div class=\"wp-block-cover alignfull has-parallax\"><span aria-hidden=\"true\" class=\"wp-block-cover__background has-background-dim\" style=\"background-color:#7f7a7e\"><\/span><div class=\"wp-block-cover__image-background wp-image-509 has-parallax\" style=\"background-position:50% 50%;background-image:url(https:\/\/discite.io\/wp-content\/uploads\/2024\/09\/a.jpg)\"><\/div><div class=\"wp-block-cover__inner-container is-layout-flow wp-block-cover-is-layout-flow\">\n<p class=\"has-text-align-center has-white-color has-text-color\" style=\"font-size:clamp(37.821px, 2.364rem + ((1vw - 3.2px) * 2.848), 70px);font-style:normal;font-weight:900\"><strong>Gestor de objetos digitales<\/strong><\/p>\n<\/div><\/div>\n\n\n\n<div style=\"height:100px\" aria-hidden=\"true\" class=\"wp-block-spacer\"><\/div>\n\n\n\n<p>El gestor de objetos digitales es una plataforma desarrollada por Discite desde 2019 que permite la creaci\u00f3n de objetos digitales.<\/p>\n\n\n\n<p>En esta plataforma actualmente creamos objetos como galer\u00edas de im\u00e1genes, hotspots (objetos con puntos de informaci\u00f3n) y reproductores multimedia.&nbsp;<\/p>\n\n\n\n<h2 class=\"wp-block-heading\">Objetivos<\/h2>\n\n\n\n<p>Crear hotspot, galer\u00edas de im\u00e1genes, gestor de capas, reproductores multimedia, microsite usados para microlearning y elementos tipo archivo.<\/p>\n\n\n\n<p>La creaci\u00f3n de objetos digitales de forma \u00e1gil de varios tipos de elementos listos para su inserci\u00f3n en contenedores como DPFBlox.<\/p>\n\n\n\n<p>El gestor dispone del m\u00f3dulo Biblioteca que cataloga y asigna los elementos utilizados por cada objeto digital, con su metadato si se desea en el momento de su subida al sistema.<\/p>\n\n\n\n<p>La interfaz de edici\u00f3n del sistema es gr\u00e1fica y nos permite visualizar cambios en el objeto digital en el momento.<\/p>\n\n\n\n<h2 class=\"wp-block-heading\">Caracter\u00edsticas principales<\/h2>\n\n\n\n<p>Todos los objetos que creamos en nuestra plataforma son responsivos, se adaptan al tama\u00f1o de pantalla en el que se visualizan.&nbsp;<\/p>\n\n\n\n<p>\u200b\u200bNuestra factor\u00eda  crea objetos digitales que son contenidos HTML que se pueden lanzar de forma independiente o dentro de cualquier contenido que soporte HTML.<\/p>\n\n\n\n<p>El sistema de edici\u00f3n dispone de:<\/p>\n\n\n\n<ul class=\"wp-block-list\">\n<li>Interfaz de creaci\u00f3n de objeto visual.<\/li>\n\n\n\n<li>Biblioteca de archivos, donde se realiza el control, catalogaci\u00f3n y metadatado de todos los elementos multimedia que componen los objetos digitales.<\/li>\n\n\n\n<li>Control de usuarios, permisos y roles.<\/li>\n<\/ul>\n\n\n\n<div style=\"height:100px\" aria-hidden=\"true\" class=\"wp-block-spacer\"><\/div>\n","protected":false},"excerpt":{"rendered":"<p>El gestor de objetos digitales es una plataforma desarrollada por Discite desde 2019 que permite la creaci\u00f3n de objetos digitales. En esta plataforma actualmente creamos objetos como galer\u00edas de im\u00e1genes, hotspots (objetos con puntos de informaci\u00f3n) y reproductores multimedia.&nbsp; Objetivos Crear hotspot, galer\u00edas de im\u00e1genes, gestor de capas, reproductores multimedia, microsite usados para microlearning y &hellip; <\/p>\n<p class=\"link-more\"><a href=\"https:\/\/discite.io\/?page_id=121\" class=\"more-link\">Leer m\u00e1s<span class=\"screen-reader-text\"> \u00abOtros objetos digitales\u00bb<\/span><\/a><\/p>\n","protected":false},"author":1,"featured_media":0,"parent":0,"menu_order":0,"comment_status":"closed","ping_status":"closed","template":"","meta":{"footnotes":""},"class_list":["post-121","page","type-page","status-publish","hentry"],"jetpack_sharing_enabled":true,"featured_media_urls":[],"_links":{"self":[{"href":"https:\/\/discite.io\/index.php?rest_route=\/wp\/v2\/pages\/121","targetHints":{"allow":["GET"]}}],"collection":[{"href":"https:\/\/discite.io\/index.php?rest_route=\/wp\/v2\/pages"}],"about":[{"href":"https:\/\/discite.io\/index.php?rest_route=\/wp\/v2\/types\/page"}],"author":[{"embeddable":true,"href":"https:\/\/discite.io\/index.php?rest_route=\/wp\/v2\/users\/1"}],"replies":[{"embeddable":true,"href":"https:\/\/discite.io\/index.php?rest_route=%2Fwp%2Fv2%2Fcomments&post=121"}],"version-history":[{"count":14,"href":"https:\/\/discite.io\/index.php?rest_route=\/wp\/v2\/pages\/121\/revisions"}],"predecessor-version":[{"id":734,"href":"https:\/\/discite.io\/index.php?rest_route=\/wp\/v2\/pages\/121\/revisions\/734"}],"wp:attachment":[{"href":"https:\/\/discite.io\/index.php?rest_route=%2Fwp%2Fv2%2Fmedia&parent=121"}],"curies":[{"name":"wp","href":"https:\/\/api.w.org\/{rel}","templated":true}]}}